{"id":997,"date":"2018-05-03T22:51:02","date_gmt":"2018-05-03T21:51:02","guid":{"rendered":"https:\/\/www.itecs.com\/impressum\/"},"modified":"2025-10-25T19:04:45","modified_gmt":"2025-10-25T17:04:45","slug":"impressum","status":"publish","type":"page","link":"https:\/\/www.itecs.com\/en\/impressum\/","title":{"rendered":"Impressum"},"content":{"rendered":"<p>[et_pb_section fb_built=&#8221;1&#8243; _builder_version=&#8221;4.17.3&#8243; _module_preset=&#8221;default&#8221; background_image=&#8221;http:\/\/www.itecs.com\/wp-content\/uploads\/sites\/3\/2022\/02\/bg-imp.jpg&#8221; custom_padding=&#8221;0px||60px||false|false&#8221; hover_enabled=&#8221;0&#8243; global_colors_info=&#8221;{}&#8221; use_background_color_gradient=&#8221;on&#8221; background_color_gradient_overlays_image=&#8221;on&#8221; background_color_gradient_stops=&#8221;rgba(0,0,0,0.3) 0%|rgba(0,0,0,0.3) 100%&#8221; sticky_enabled=&#8221;0&#8243;][et_pb_row _builder_version=&#8221;4.16&#8243; _module_preset=&#8221;default&#8221; background_enable_color=&#8221;off&#8221; width=&#8221;100%&#8221; max_width=&#8221;2560px&#8221; module_alignment=&#8221;left&#8221; custom_padding=&#8221;0px||40px||false|false&#8221; global_colors_info=&#8221;{}&#8221;][et_pb_column type=&#8221;4_4&#8243; _builder_version=&#8221;4.16&#8243; _module_preset=&#8221;default&#8221; custom_padding=&#8221;0px||0px||true|false&#8221; global_colors_info=&#8221;{}&#8221;][et_pb_code _builder_version=&#8221;4.16&#8243; _module_preset=&#8221;default&#8221; background_color=&#8221;rgba(255,255,255,0.64)&#8221; custom_padding=&#8221;0px||0px|10px|true|false&#8221; custom_css_main_element=&#8221;font-size: 0.8rem;||line-height: 1.1rem;&#8221; global_colors_info=&#8221;{}&#8221;]<span><span><a href=\"https:\/\/www.itecs.com\/en\/\">Home<\/a><\/span><\/span>[\/et_pb_code][\/et_pb_column][\/et_pb_row][et_pb_row _builder_version=&#8221;4.16&#8243; _module_preset=&#8221;default&#8221; global_colors_info=&#8221;{}&#8221;][et_pb_column type=&#8221;4_4&#8243; _builder_version=&#8221;4.16&#8243; _module_preset=&#8221;default&#8221; global_colors_info=&#8221;{}&#8221;][et_pb_text _builder_version=&#8221;4.17.3&#8243; _module_preset=&#8221;default&#8221; header_font=&#8221;|700|||||||&#8221; hover_enabled=&#8221;0&#8243; header_text_shadow_style=&#8221;preset3&#8243; header_text_shadow_color=&#8221;#000000&#8243; global_colors_info=&#8221;{}&#8221; header_text_color=&#8221;#FFFFFF&#8221; header_text_shadow_blur_strength=&#8221;0.96em&#8221; sticky_enabled=&#8221;0&#8243;]<\/p>\n<h1>Impressum<\/h1>\n<p>[\/et_pb_text][\/et_pb_column][\/et_pb_row][\/et_pb_section][et_pb_section fb_built=&#8221;1&#8243; _builder_version=&#8221;4.16&#8243; _module_preset=&#8221;default&#8221; background_image=&#8221;http:\/\/www.itecs.com\/wp-content\/uploads\/sites\/3\/2021\/12\/4kr-bg.png&#8221; background_size=&#8221;initial&#8221; background_repeat=&#8221;repeat&#8221; border_width_all=&#8221;1px&#8221; border_color_all=&#8221;rgba(0,0,0,0.01)&#8221; global_colors_info=&#8221;{}&#8221;][et_pb_row _builder_version=&#8221;4.16&#8243; _module_preset=&#8221;default&#8221; global_colors_info=&#8221;{}&#8221;][et_pb_column type=&#8221;4_4&#8243; _builder_version=&#8221;4.16&#8243; _module_preset=&#8221;default&#8221; global_colors_info=&#8221;{}&#8221;][et_pb_text _builder_version=&#8221;4.17.3&#8243; _module_preset=&#8221;default&#8221; header_2_font=&#8221;|800|||||||&#8221; global_colors_info=&#8221;{}&#8221;]<\/p>\n<h2>ITECS Engineering GmbH<\/h2>\n<p>K\u00f6hlfleet-Hauptdeich 7<br \/>\n21129 Hamburg<br \/>\nTel.: +49 40 \/ 742 17 30<br \/>\nFax: +49 40 \/ 742 17 399<br \/>\nE-Mail: info@itecs.com<br \/>\nVertretungsberechtigt: Holger Tr\u00fcller<\/p>\n<p>Inhaltlich verantwortlich iS.D. \u00a7 55 II RStV:<br \/>\nHerr Holger Tr\u00fcller<br \/>\nK\u00f6hlfleet-Hauptdeich 7<br \/>\n21129 Hamburg<\/p>\n<p>HRB: 43842<br \/>\nRegistergericht Hamburg<\/p>\n<p>USt-ID gem. \u00a727 a UStG:<br \/>\nDE 118572393<\/p>\n<p>Datenschutzbeauftragter<br \/>\nName: Wiebke Lohmann<br \/>\nTel.: +49 40-7421730<br \/>\nE-Mail: privacy@itecs.com<\/p>\n<h2>Widerspruch Werbe-Mails<\/h2>\n<p>Der Nutzung von im Rahmen der Impressumspflicht ver\u00f6ffentlichten Kontaktdaten zur \u00dcbersendung von nicht ausdr\u00fccklich angeforderter Werbung und Informationsmaterialien wird hiermit widersprochen. Die Betreiber der Seiten behalten sich ausdr\u00fccklich rechtliche Schritte im Falle der unverlangten Zusendung von Werbeinformationen, etwa durch Spam-E-Mails, vor.<\/p>\n<h2>Haftung f\u00fcr Inhalte<\/h2>\n<p>Die Angaben im Internet-Angebot der ITECS Engineering GmbH wurden sorgf\u00e4ltig gepr\u00fcft. Eine Garantie f\u00fcr die Vollst\u00e4ndigkeit oder Richtigkeit kann jedoch nicht \u00fcbernommen werden, ebensowenig wie eine Haftung f\u00fcr die Verwendung dieser Seiten oder deren Inhalt. Trotz sorgf\u00e4ltiger Kontrolle \u00fcbernimmt die ITECS Engineering GmbH keine Haftung f\u00fcr die Inhalte externer Links. F\u00fcr die Inhalte verlinkter Seiten sind deren Betreiber verantwortlich.<\/p>\n<h2>Haftung f\u00fcr Links<\/h2>\n<p>Unser Angebot enth\u00e4lt Links zu externen Webseiten Dritter, auf deren Inhalte wir keinen Einfluss haben. Deshalb k\u00f6nnen wir f\u00fcr diese fremden Inhalte auch keine Gew\u00e4hr \u00fcbernehmen. F\u00fcr die Inhalte der verlinkten Seiten ist stets der jeweilige Anbieter oder Betreiber der Seiten verantwortlich. Die verlinkten Seiten wurden zum Zeitpunkt der Verlinkung auf m\u00f6gliche Rechtsverst\u00f6\u00dfe \u00fcberpr\u00fcft. Rechtswidrige Inhalte waren zum Zeitpunkt der Verlinkung nicht erkennbar. Eine permanente inhaltliche Kontrolle der verlinkten Seiten ist jedoch ohne konkrete Anhaltspunkte einer Rechtsverletzung nicht zumutbar. Bei Bekanntwerden von Rechtsverletzungen werden wir derartige Links umgehend entfernen.<\/p>\n<h2>Urheberrecht<\/h2>\n<p>Die durch die Seitenbetreiber erstellten Inhalte und Werke auf diesen Seiten unterliegen dem deutschen Urheberrecht. Die Vervielf\u00e4ltigung, Bearbeitung, Verbreitung und jede Art der Verwertung au\u00dferhalb der Grenzen des Urheberrechtes bed\u00fcrfen der schriftlichen Zustimmung des jeweiligen Autors bzw. Erstellers. Downloads und Kopien dieser Seite sind nur f\u00fcr den privaten, nicht kommerziellen Gebrauch gestattet. Soweit die Inhalte auf dieser Seite nicht vom Betreiber erstellt wurden, werden die Urheberrechte Dritter beachtet. Insbesondere werden Inhalte Dritter als solche gekennzeichnet. Sollten Sie trotzdem auf eine Urheberrechtsverletzung aufmerksam werden, bitten wir um einen entsprechenden Hinweis. Bei Bekanntwerden von Rechtsverletzungen werden wir derartige Inhalte umgehend entfernen.[\/et_pb_text][\/et_pb_column][\/et_pb_row][\/et_pb_section][et_pb_section fb_built=&#8221;1&#8243; _builder_version=&#8221;4.17.3&#8243; _module_preset=&#8221;default&#8221; background_image=&#8221;http:\/\/www.itecs.com\/wp-content\/uploads\/sites\/3\/2023\/08\/itecs-buero-neu1ax-1.png&#8221; background_size=&#8221;initial&#8221; background_position=&#8221;bottom_center&#8221; custom_padding=&#8221;304px|||||&#8221; bottom_divider_style=&#8221;waves2&#8243; bottom_divider_color=&#8221;#470400&#8243; bottom_divider_height=&#8221;70px&#8221; bottom_divider_style_tablet=&#8221;&#8221; bottom_divider_style_phone=&#8221;&#8221; bottom_divider_style_last_edited=&#8221;on|desktop&#8221; bottom_divider_height_tablet=&#8221;60px&#8221; bottom_divider_height_phone=&#8221;38px&#8221; bottom_divider_height_last_edited=&#8221;on|desktop&#8221; hover_enabled=&#8221;0&#8243; global_colors_info=&#8221;{}&#8221; title_text=&#8221;itecs-buero-neu1ax&#8221; sticky_enabled=&#8221;0&#8243;][et_pb_row _builder_version=&#8221;4.16&#8243; _module_preset=&#8221;default&#8221; global_colors_info=&#8221;{}&#8221;][et_pb_column type=&#8221;4_4&#8243; _builder_version=&#8221;4.16&#8243; _module_preset=&#8221;default&#8221; global_colors_info=&#8221;{}&#8221;][\/et_pb_column][\/et_pb_row][\/et_pb_section]<\/p>\n","protected":false},"excerpt":{"rendered":"<p><span><span><a href=\"https:\/\/www.itecs.com\/en\/\">Home<\/a><\/span><\/span>ImpressumITECS Engineering GmbH K\u00f6hlfleet-Hauptdeich 7 21129 Hamburg Tel.: +49 40 \/ 742 17 30 Fax: +49 40 \/ 742 17 399 E-Mail: info@itecs.com Vertretungsberechtigt: Holger Tr\u00fcller Inhaltlich verantwortlich iS.D. \u00a7 55 II RStV: Herr Holger Tr\u00fcller K\u00f6hlfleet-Hauptdeich 7 21129 Hamburg HRB: 43842 Registergericht Hamburg USt-ID gem. \u00a727 a UStG: DE 118572393 Datenschutzbeauftragter Name: Wiebke Lohmann Tel.: +49 40-7421730 E-Mail: privacy@itecs.com Widerspruch Werbe-Mails Der Nutzung von im Rahmen der Impressumspflicht ver\u00f6ffentlichten Kontaktdaten zur \u00dcbersendung von nicht ausdr\u00fccklich angeforderter Werbung und Informationsmaterialien wird hiermit widersprochen. Die Betreiber der Seiten behalten sich ausdr\u00fccklich rechtliche Schritte im Falle der unverlangten Zusendung von Werbeinformationen, etwa durch Spam-E-Mails, vor. Haftung f\u00fcr Inhalte Die Angaben im Internet-Angebot der ITECS Engineering GmbH wurden sorgf\u00e4ltig gepr\u00fcft. Eine Garantie f\u00fcr die Vollst\u00e4ndigkeit oder Richtigkeit kann jedoch nicht \u00fcbernommen werden, ebensowenig wie eine Haftung f\u00fcr die Verwendung dieser Seiten oder deren Inhalt. Trotz sorgf\u00e4ltiger Kontrolle \u00fcbernimmt die ITECS Engineering GmbH keine Haftung f\u00fcr die Inhalte externer Links. F\u00fcr die Inhalte verlinkter Seiten sind deren Betreiber verantwortlich. Haftung f\u00fcr Links Unser Angebot enth\u00e4lt Links zu externen Webseiten Dritter, auf deren Inhalte wir keinen Einfluss haben. Deshalb k\u00f6nnen wir f\u00fcr diese fremden Inhalte auch keine Gew\u00e4hr \u00fcbernehmen. F\u00fcr die Inhalte der verlinkten Seiten [&hellip;]<\/p>\n","protected":false},"author":6,"featured_media":0,"parent":0,"menu_order":0,"comment_status":"closed","ping_status":"closed","template":"","meta":{"_et_pb_use_builder":"on","_et_pb_old_content":"","_et_gb_content_width":"","_price":"","_stock":"","_tribe_ticket_header":"","_tribe_default_ticket_provider":"","_tribe_ticket_capacity":"0","_ticket_start_date":"","_ticket_end_date":"","_tribe_ticket_show_description":"","_tribe_ticket_show_not_going":false,"_tribe_ticket_use_global_stock":"","_tribe_ticket_global_stock_level":"","_global_stock_mode":"","_global_stock_cap":"","_tribe_rsvp_for_event":"","_tribe_ticket_going_count":"","_tribe_ticket_not_going_count":"","_tribe_tickets_list":"[]","_tribe_ticket_has_attendee_info_fields":false,"footnotes":""},"class_list":["post-997","page","type-page","status-publish","hentry"],"yoast_head":"<!-- This site is optimized with the Yoast SEO plugin v27.5 - https:\/\/yoast.com\/product\/yoast-seo-wordpress\/ -->\n<title>Impressum | ITECS.COM<\/title>\n<meta name=\"robots\" content=\"index, follow, max-snippet:-1, max-image-preview:large, max-video-preview:-1\" \/>\n<link rel=\"canonical\" href=\"https:\/\/www.itecs.com\/en\/impressum\/\" \/>\n<meta property=\"og:locale\" content=\"en_US\" \/>\n<meta property=\"og:type\" content=\"article\" \/>\n<meta property=\"og:title\" content=\"Impressum | ITECS.COM\" \/>\n<meta property=\"og:description\" content=\"ImpressumITECS Engineering GmbH K\u00f6hlfleet-Hauptdeich 7 21129 Hamburg Tel.: +49 40 \/ 742 17 30 Fax: +49 40 \/ 742 17 399 E-Mail: info@itecs.com Vertretungsberechtigt: Holger Tr\u00fcller Inhaltlich verantwortlich iS.D. \u00a7 55 II RStV: Herr Holger Tr\u00fcller K\u00f6hlfleet-Hauptdeich 7 21129 Hamburg HRB: 43842 Registergericht Hamburg USt-ID gem. \u00a727 a UStG: DE 118572393 Datenschutzbeauftragter Name: Wiebke Lohmann Tel.: +49 40-7421730 E-Mail: privacy@itecs.com Widerspruch Werbe-Mails Der Nutzung von im Rahmen der Impressumspflicht ver\u00f6ffentlichten Kontaktdaten zur \u00dcbersendung von nicht ausdr\u00fccklich angeforderter Werbung und Informationsmaterialien wird hiermit widersprochen. Die Betreiber der Seiten behalten sich ausdr\u00fccklich rechtliche Schritte im Falle der unverlangten Zusendung von Werbeinformationen, etwa durch Spam-E-Mails, vor. Haftung f\u00fcr Inhalte Die Angaben im Internet-Angebot der ITECS Engineering GmbH wurden sorgf\u00e4ltig gepr\u00fcft. Eine Garantie f\u00fcr die Vollst\u00e4ndigkeit oder Richtigkeit kann jedoch nicht \u00fcbernommen werden, ebensowenig wie eine Haftung f\u00fcr die Verwendung dieser Seiten oder deren Inhalt. Trotz sorgf\u00e4ltiger Kontrolle \u00fcbernimmt die ITECS Engineering GmbH keine Haftung f\u00fcr die Inhalte externer Links. F\u00fcr die Inhalte verlinkter Seiten sind deren Betreiber verantwortlich. Haftung f\u00fcr Links Unser Angebot enth\u00e4lt Links zu externen Webseiten Dritter, auf deren Inhalte wir keinen Einfluss haben. Deshalb k\u00f6nnen wir f\u00fcr diese fremden Inhalte auch keine Gew\u00e4hr \u00fcbernehmen. F\u00fcr die Inhalte der verlinkten Seiten [&hellip;]\" \/>\n<meta property=\"og:url\" content=\"https:\/\/www.itecs.com\/en\/impressum\/\" \/>\n<meta property=\"og:site_name\" content=\"ITECS.COM\" \/>\n<meta property=\"article:modified_time\" content=\"2025-10-25T17:04:45+00:00\" \/>\n<meta property=\"og:image\" content=\"https:\/\/www.itecs.com\/wp-content\/uploads\/sites\/3\/2023\/06\/ITECS-Website.jpg\" \/>\n\t<meta property=\"og:image:width\" content=\"1200\" \/>\n\t<meta property=\"og:image:height\" content=\"675\" \/>\n\t<meta property=\"og:image:type\" content=\"image\/jpeg\" \/>\n<script type=\"application\/ld+json\" class=\"yoast-schema-graph\">{\"@context\":\"https:\\\/\\\/schema.org\",\"@graph\":[{\"@type\":\"WebPage\",\"@id\":\"https:\\\/\\\/www.itecs.com\\\/en\\\/impressum\\\/\",\"url\":\"https:\\\/\\\/www.itecs.com\\\/en\\\/impressum\\\/\",\"name\":\"Impressum | ITECS.COM\",\"isPartOf\":{\"@id\":\"https:\\\/\\\/www.itecs.com\\\/en\\\/#website\"},\"datePublished\":\"2018-05-03T21:51:02+00:00\",\"dateModified\":\"2025-10-25T17:04:45+00:00\",\"breadcrumb\":{\"@id\":\"https:\\\/\\\/www.itecs.com\\\/en\\\/impressum\\\/#breadcrumb\"},\"inLanguage\":\"en-US\",\"potentialAction\":[{\"@type\":\"ReadAction\",\"target\":[\"https:\\\/\\\/www.itecs.com\\\/en\\\/impressum\\\/\"]}]},{\"@type\":\"BreadcrumbList\",\"@id\":\"https:\\\/\\\/www.itecs.com\\\/en\\\/impressum\\\/#breadcrumb\",\"itemListElement\":[{\"@type\":\"ListItem\",\"position\":1,\"name\":\"Home\",\"item\":\"https:\\\/\\\/www.itecs.com\\\/en\\\/\"},{\"@type\":\"ListItem\",\"position\":2,\"name\":\"Impressum\"}]},{\"@type\":\"WebSite\",\"@id\":\"https:\\\/\\\/www.itecs.com\\\/en\\\/#website\",\"url\":\"https:\\\/\\\/www.itecs.com\\\/en\\\/\",\"name\":\"ITECS Engineering\",\"description\":\"Just another WP.ITECSTECH.COM Sites site\",\"publisher\":{\"@id\":\"https:\\\/\\\/www.itecs.com\\\/en\\\/#organization\"},\"potentialAction\":[{\"@type\":\"SearchAction\",\"target\":{\"@type\":\"EntryPoint\",\"urlTemplate\":\"https:\\\/\\\/www.itecs.com\\\/en\\\/?s={search_term_string}\"},\"query-input\":{\"@type\":\"PropertyValueSpecification\",\"valueRequired\":true,\"valueName\":\"search_term_string\"}}],\"inLanguage\":\"en-US\"},{\"@type\":\"Organization\",\"@id\":\"https:\\\/\\\/www.itecs.com\\\/en\\\/#organization\",\"name\":\"ITECS Engineering GmbH\",\"url\":\"https:\\\/\\\/www.itecs.com\\\/en\\\/\",\"logo\":{\"@type\":\"ImageObject\",\"inLanguage\":\"en-US\",\"@id\":\"https:\\\/\\\/www.itecs.com\\\/en\\\/#\\\/schema\\\/logo\\\/image\\\/\",\"url\":\"https:\\\/\\\/www.itecs.com\\\/wp-content\\\/uploads\\\/sites\\\/3\\\/2022\\\/11\\\/itecs-engineering-log.jpg\",\"contentUrl\":\"https:\\\/\\\/www.itecs.com\\\/wp-content\\\/uploads\\\/sites\\\/3\\\/2022\\\/11\\\/itecs-engineering-log.jpg\",\"width\":320,\"height\":95,\"caption\":\"ITECS Engineering GmbH\"},\"image\":{\"@id\":\"https:\\\/\\\/www.itecs.com\\\/en\\\/#\\\/schema\\\/logo\\\/image\\\/\"}}]}<\/script>\n<!-- \/ Yoast SEO plugin. -->","yoast_head_json":{"title":"Impressum | ITECS.COM","robots":{"index":"index","follow":"follow","max-snippet":"max-snippet:-1","max-image-preview":"max-image-preview:large","max-video-preview":"max-video-preview:-1"},"canonical":"https:\/\/www.itecs.com\/en\/impressum\/","og_locale":"en_US","og_type":"article","og_title":"Impressum | ITECS.COM","og_description":"ImpressumITECS Engineering GmbH K\u00f6hlfleet-Hauptdeich 7 21129 Hamburg Tel.: +49 40 \/ 742 17 30 Fax: +49 40 \/ 742 17 399 E-Mail: info@itecs.com Vertretungsberechtigt: Holger Tr\u00fcller Inhaltlich verantwortlich iS.D. \u00a7 55 II RStV: Herr Holger Tr\u00fcller K\u00f6hlfleet-Hauptdeich 7 21129 Hamburg HRB: 43842 Registergericht Hamburg USt-ID gem. \u00a727 a UStG: DE 118572393 Datenschutzbeauftragter Name: Wiebke Lohmann Tel.: +49 40-7421730 E-Mail: privacy@itecs.com Widerspruch Werbe-Mails Der Nutzung von im Rahmen der Impressumspflicht ver\u00f6ffentlichten Kontaktdaten zur \u00dcbersendung von nicht ausdr\u00fccklich angeforderter Werbung und Informationsmaterialien wird hiermit widersprochen. Die Betreiber der Seiten behalten sich ausdr\u00fccklich rechtliche Schritte im Falle der unverlangten Zusendung von Werbeinformationen, etwa durch Spam-E-Mails, vor. Haftung f\u00fcr Inhalte Die Angaben im Internet-Angebot der ITECS Engineering GmbH wurden sorgf\u00e4ltig gepr\u00fcft. Eine Garantie f\u00fcr die Vollst\u00e4ndigkeit oder Richtigkeit kann jedoch nicht \u00fcbernommen werden, ebensowenig wie eine Haftung f\u00fcr die Verwendung dieser Seiten oder deren Inhalt. Trotz sorgf\u00e4ltiger Kontrolle \u00fcbernimmt die ITECS Engineering GmbH keine Haftung f\u00fcr die Inhalte externer Links. F\u00fcr die Inhalte verlinkter Seiten sind deren Betreiber verantwortlich. Haftung f\u00fcr Links Unser Angebot enth\u00e4lt Links zu externen Webseiten Dritter, auf deren Inhalte wir keinen Einfluss haben. Deshalb k\u00f6nnen wir f\u00fcr diese fremden Inhalte auch keine Gew\u00e4hr \u00fcbernehmen. F\u00fcr die Inhalte der verlinkten Seiten [&hellip;]","og_url":"https:\/\/www.itecs.com\/en\/impressum\/","og_site_name":"ITECS.COM","article_modified_time":"2025-10-25T17:04:45+00:00","og_image":[{"width":1200,"height":675,"url":"https:\/\/www.itecs.com\/wp-content\/uploads\/sites\/3\/2023\/06\/ITECS-Website.jpg","type":"image\/jpeg"}],"schema":{"@context":"https:\/\/schema.org","@graph":[{"@type":"WebPage","@id":"https:\/\/www.itecs.com\/en\/impressum\/","url":"https:\/\/www.itecs.com\/en\/impressum\/","name":"Impressum | ITECS.COM","isPartOf":{"@id":"https:\/\/www.itecs.com\/en\/#website"},"datePublished":"2018-05-03T21:51:02+00:00","dateModified":"2025-10-25T17:04:45+00:00","breadcrumb":{"@id":"https:\/\/www.itecs.com\/en\/impressum\/#breadcrumb"},"inLanguage":"en-US","potentialAction":[{"@type":"ReadAction","target":["https:\/\/www.itecs.com\/en\/impressum\/"]}]},{"@type":"BreadcrumbList","@id":"https:\/\/www.itecs.com\/en\/impressum\/#breadcrumb","itemListElement":[{"@type":"ListItem","position":1,"name":"Home","item":"https:\/\/www.itecs.com\/en\/"},{"@type":"ListItem","position":2,"name":"Impressum"}]},{"@type":"WebSite","@id":"https:\/\/www.itecs.com\/en\/#website","url":"https:\/\/www.itecs.com\/en\/","name":"ITECS Engineering","description":"Just another WP.ITECSTECH.COM Sites site","publisher":{"@id":"https:\/\/www.itecs.com\/en\/#organization"},"potentialAction":[{"@type":"SearchAction","target":{"@type":"EntryPoint","urlTemplate":"https:\/\/www.itecs.com\/en\/?s={search_term_string}"},"query-input":{"@type":"PropertyValueSpecification","valueRequired":true,"valueName":"search_term_string"}}],"inLanguage":"en-US"},{"@type":"Organization","@id":"https:\/\/www.itecs.com\/en\/#organization","name":"ITECS Engineering GmbH","url":"https:\/\/www.itecs.com\/en\/","logo":{"@type":"ImageObject","inLanguage":"en-US","@id":"https:\/\/www.itecs.com\/en\/#\/schema\/logo\/image\/","url":"https:\/\/www.itecs.com\/wp-content\/uploads\/sites\/3\/2022\/11\/itecs-engineering-log.jpg","contentUrl":"https:\/\/www.itecs.com\/wp-content\/uploads\/sites\/3\/2022\/11\/itecs-engineering-log.jpg","width":320,"height":95,"caption":"ITECS Engineering GmbH"},"image":{"@id":"https:\/\/www.itecs.com\/en\/#\/schema\/logo\/image\/"}}]}},"_links":{"self":[{"href":"https:\/\/www.itecs.com\/en\/wp-json\/wp\/v2\/pages\/997","targetHints":{"allow":["GET"]}}],"collection":[{"href":"https:\/\/www.itecs.com\/en\/wp-json\/wp\/v2\/pages"}],"about":[{"href":"https:\/\/www.itecs.com\/en\/wp-json\/wp\/v2\/types\/page"}],"author":[{"embeddable":true,"href":"https:\/\/www.itecs.com\/en\/wp-json\/wp\/v2\/users\/6"}],"replies":[{"embeddable":true,"href":"https:\/\/www.itecs.com\/en\/wp-json\/wp\/v2\/comments?post=997"}],"version-history":[{"count":14,"href":"https:\/\/www.itecs.com\/en\/wp-json\/wp\/v2\/pages\/997\/revisions"}],"predecessor-version":[{"id":17415,"href":"https:\/\/www.itecs.com\/en\/wp-json\/wp\/v2\/pages\/997\/revisions\/17415"}],"wp:attachment":[{"href":"https:\/\/www.itecs.com\/en\/wp-json\/wp\/v2\/media?parent=997"}],"curies":[{"name":"wp","href":"https:\/\/api.w.org\/{rel}","templated":true}]}}